{"id":33,"date":"2011-04-29T08:26:59","date_gmt":"2011-04-29T06:26:59","guid":{"rendered":"http:\/\/xn--brnd-hra.dk\/?page_id=33"},"modified":"2011-08-21T22:49:35","modified_gmt":"2011-08-21T20:49:35","slug":"br%c3%b8ndfest-2011","status":"publish","type":"page","link":"http:\/\/xn--brnd-hra.dk\/?page_id=33","title":{"rendered":"Br\u00f8ndfest 2011"},"content":{"rendered":"<div class=\"mceTemp mceIEcenter\">\n<div class=\"mceTemp mceIEcenter\">\n<h1>K\u00e6re Familie\u00a0<\/h1>\n<p style=\"text-align: left;\">Nu n\u00e6rmer vi os med hastige skridt hvor vi skal afholde Br\u00f8nd Familiefesten.<br \/>\nF\u00f8rst nogle praktiske oplysninger, vi beder jer have kontanter med til betaling<br \/>\naf mad leje af smedje samt de som har bestilt v\u00e6relser, det \u00a0er desv\u00e6rre ikke<br \/>\nmuligt at benytte betalingskort i umiddelbar n\u00e6rhed, n\u00e6rmeste sted er Beder.<br \/>\nVi beder jer betale ved ankomst da Else Marie skal afregne v\u00e6relserne straks.<\/p>\n<p style=\"text-align: left;\">Ankomst L\u00f8rdag D. 03.09-2011<br \/>\nAnkomst tidspunkt Ca. kl 14.00<br \/>\nHerefter eftermiddags kaffe\/kage<br \/>\nLidt lege\/spil for b\u00f8rnene<br \/>\nAftensmad \/buffet kl 18.30<br \/>\nAftens kaffe<\/p>\n<p style=\"text-align: left;\">Morgenmad S\u00f8ndag fra kl. 08.00<\/p>\n<p style=\"text-align: left;\">Pris pr. Person _______________125.00Kr. \u00a0\u00a0\u00a0\u00a0\u00a0\u00a0Nb. B\u00f8rn under 3\u00c5r. gratis<\/p>\n<p style=\"text-align: left;\">Leje af smedje deles med antal voksne\/for\u00e6ldre _____________2000.00Kr.<\/p>\n<p style=\"text-align: left;\">V\u00e6relse____________________________________________485.00Kr.<\/p>\n<p style=\"text-align: left;\">For at holde prisen lav beder vi jer om selv at medbringe jeres drikkevarer, \u00f8l vand vin.<\/p>\n<p style=\"text-align: left;\">Jeg vil bede jer om i vil medbringe en lille gave pakke pr. deltager a ca. 10.00kr.<br \/>\nsom vi s\u00e5 kan bruge til en pakke leg<\/p>\n<p style=\"text-align: left;\">Til jer som kommer med campingvogn disse skal stilles p\u00e5 pladsen over for<br \/>\nSmedjen der er ogs\u00e5 str\u00f8m stik p\u00e5 pladsen.<\/p>\n<p style=\"text-align: left;\">Ankomststedet; Smedjen Wilhelmsborg<br \/>\nBedervej 101, 8320 M\u00e5rslet<\/p>\n<p style=\"text-align: left;\"><a href=\"http:\/\/xn--brnd-hra.dk\/wp-content\/uploads\/2011\/04\/Kort.jpg\"><img loading=\"lazy\" decoding=\"async\" class=\"aligncenter size-full wp-image-42\" title=\"Kort\" src=\"http:\/\/xn--brnd-hra.dk\/wp-content\/uploads\/2011\/04\/Kort.jpg\" alt=\"\" width=\"665\" height=\"473\" srcset=\"http:\/\/xn--brnd-hra.dk\/wp-content\/uploads\/2011\/04\/Kort.jpg 665w, http:\/\/xn--brnd-hra.dk\/wp-content\/uploads\/2011\/04\/Kort-300x213.jpg 300w\" sizes=\"auto, (max-width: 665px) 100vw, 665px\" \/><\/a>Se evt ruten p\u00e5 Krak vejviser<br \/>\nP\u00e5 dagen kan vi kontaktes p\u00e5 tlf. 71366492<\/p>\n<p style=\"text-align: left;\">\u00a0<\/p>\n<dl id=\"attachment_35\" class=\"wp-caption aligncenter\" style=\"width: 610px;\">\n<dt class=\"wp-caption-dt\"><a href=\"http:\/\/xn--brnd-hra.dk\/wp-content\/uploads\/2011\/04\/smedjen.jpg\"><img loading=\"lazy\" decoding=\"async\" class=\"size-full wp-image-35\" title=\"Smedjen\" src=\"http:\/\/xn--brnd-hra.dk\/wp-content\/uploads\/2011\/04\/smedjen.jpg\" alt=\"Smedjen\" width=\"600\" height=\"450\" srcset=\"http:\/\/xn--brnd-hra.dk\/wp-content\/uploads\/2011\/04\/smedjen.jpg 600w, http:\/\/xn--brnd-hra.dk\/wp-content\/uploads\/2011\/04\/smedjen-300x225.jpg 300w\" sizes=\"auto, (max-width: 600px) 100vw, 600px\" \/><\/a><\/dt>\n<dd class=\"wp-caption-dd\">Smedjen<\/dd>\n<\/dl>\n<\/div>\n<\/div>\n<div class=\"mceTemp mceIEcenter\">\n<div id=\"attachment_36\" style=\"width: 610px\" class=\"wp-caption aligncenter\"><a href=\"http:\/\/xn--brnd-hra.dk\/wp-content\/uploads\/2011\/04\/smedjen2.jpg\"><img loading=\"lazy\" decoding=\"async\" aria-describedby=\"caption-attachment-36\" class=\"size-full wp-image-36\" title=\"Smedjen2\" src=\"http:\/\/xn--brnd-hra.dk\/wp-content\/uploads\/2011\/04\/smedjen2.jpg\" alt=\"Smedjen2\" width=\"600\" height=\"450\" srcset=\"http:\/\/xn--brnd-hra.dk\/wp-content\/uploads\/2011\/04\/smedjen2.jpg 600w, http:\/\/xn--brnd-hra.dk\/wp-content\/uploads\/2011\/04\/smedjen2-300x225.jpg 300w\" sizes=\"auto, (max-width: 600px) 100vw, 600px\" \/><\/a><p id=\"caption-attachment-36\" class=\"wp-caption-text\">Smedjen2<\/p><\/div>\n<p>\u00a0<\/p>\n<\/div>\n","protected":false},"excerpt":{"rendered":"<p>K\u00e6re Familie\u00a0 Nu n\u00e6rmer vi os med hastige skridt hvor vi skal afholde Br\u00f8nd Familiefesten. F\u00f8rst nogle praktiske oplysninger, vi beder jer have kontanter med til betaling af mad leje af smedje samt de som har bestilt v\u00e6relser, det \u00a0er desv\u00e6rre ikke muligt at benytte betalingskort i umiddelbar n\u00e6rhed, n\u00e6rmeste sted er Beder. Vi beder [&hellip;]<\/p>\n","protected":false},"author":1,"featured_media":0,"parent":0,"menu_order":2,"comment_status":"open","ping_status":"closed","template":"","meta":{"footnotes":""},"class_list":["post-33","page","type-page","status-publish","hentry"],"_links":{"self":[{"href":"http:\/\/xn--brnd-hra.dk\/index.php?rest_route=\/wp\/v2\/pages\/33","targetHints":{"allow":["GET"]}}],"collection":[{"href":"http:\/\/xn--brnd-hra.dk\/index.php?rest_route=\/wp\/v2\/pages"}],"about":[{"href":"http:\/\/xn--brnd-hra.dk\/index.php?rest_route=\/wp\/v2\/types\/page"}],"author":[{"embeddable":true,"href":"http:\/\/xn--brnd-hra.dk\/index.php?rest_route=\/wp\/v2\/users\/1"}],"replies":[{"embeddable":true,"href":"http:\/\/xn--brnd-hra.dk\/index.php?rest_route=%2Fwp%2Fv2%2Fcomments&post=33"}],"version-history":[{"count":10,"href":"http:\/\/xn--brnd-hra.dk\/index.php?rest_route=\/wp\/v2\/pages\/33\/revisions"}],"predecessor-version":[{"id":37,"href":"http:\/\/xn--brnd-hra.dk\/index.php?rest_route=\/wp\/v2\/pages\/33\/revisions\/37"}],"wp:attachment":[{"href":"http:\/\/xn--brnd-hra.dk\/index.php?rest_route=%2Fwp%2Fv2%2Fmedia&parent=33"}],"curies":[{"name":"wp","href":"https:\/\/api.w.org\/{rel}","templated":true}]}}