{"id":2,"date":"2011-02-20T14:40:23","date_gmt":"2011-02-20T13:40:23","guid":{"rendered":"http:\/\/xn--brnd-hra.dk\/?page_id=2"},"modified":"2017-01-14T23:19:32","modified_gmt":"2017-01-14T22:19:32","slug":"about","status":"publish","type":"page","link":"http:\/\/xn--brnd-hra.dk\/","title":{"rendered":"Familien Br\u00f8nd"},"content":{"rendered":"<p>Uddrag af kirkebog hvor Jens J\u00f8rgensen f\u00e5r tilf\u00f8jet familienavnet Br\u00f8nd<\/p>\n<p><a href=\"http:\/\/xn--brnd-hra.dk\/wp-content\/uploads\/2011\/02\/data-br\u00f8nd1400.jpg\"><img loading=\"lazy\" decoding=\"async\" class=\"aligncenter wp-image-49 size-large\" src=\"http:\/\/xn--brnd-hra.dk\/wp-content\/uploads\/2011\/02\/data-br\u00f8nd1400-1024x330.jpg\" width=\"600\" height=\"193\" srcset=\"http:\/\/xn--brnd-hra.dk\/wp-content\/uploads\/2011\/02\/data-br\u00f8nd1400-1024x330.jpg 1024w, http:\/\/xn--brnd-hra.dk\/wp-content\/uploads\/2011\/02\/data-br\u00f8nd1400-300x96.jpg 300w\" sizes=\"auto, (max-width: 600px) 100vw, 600px\" \/><\/a><\/p>\n","protected":false},"excerpt":{"rendered":"<p>Uddrag af kirkebog hvor Jens J\u00f8rgensen f\u00e5r tilf\u00f8jet familienavnet Br\u00f8nd<\/p>\n","protected":false},"author":1,"featured_media":0,"parent":0,"menu_order":1,"comment_status":"closed","ping_status":"closed","template":"","meta":{"footnotes":""},"class_list":["post-2","page","type-page","status-publish","hentry"],"_links":{"self":[{"href":"http:\/\/xn--brnd-hra.dk\/index.php?rest_route=\/wp\/v2\/pages\/2","targetHints":{"allow":["GET"]}}],"collection":[{"href":"http:\/\/xn--brnd-hra.dk\/index.php?rest_route=\/wp\/v2\/pages"}],"about":[{"href":"http:\/\/xn--brnd-hra.dk\/index.php?rest_route=\/wp\/v2\/types\/page"}],"author":[{"embeddable":true,"href":"http:\/\/xn--brnd-hra.dk\/index.php?rest_route=\/wp\/v2\/users\/1"}],"replies":[{"embeddable":true,"href":"http:\/\/xn--brnd-hra.dk\/index.php?rest_route=%2Fwp%2Fv2%2Fcomments&post=2"}],"version-history":[{"count":7,"href":"http:\/\/xn--brnd-hra.dk\/index.php?rest_route=\/wp\/v2\/pages\/2\/revisions"}],"predecessor-version":[{"id":56,"href":"http:\/\/xn--brnd-hra.dk\/index.php?rest_route=\/wp\/v2\/pages\/2\/revisions\/56"}],"wp:attachment":[{"href":"http:\/\/xn--brnd-hra.dk\/index.php?rest_route=%2Fwp%2Fv2%2Fmedia&parent=2"}],"curies":[{"name":"wp","href":"https:\/\/api.w.org\/{rel}","templated":true}]}}